{"id":285,"date":"2025-11-08T18:07:22","date_gmt":"2025-11-08T17:07:22","guid":{"rendered":"https:\/\/movimientosumar.es\/ca\/?page_id=285"},"modified":"2026-03-05T13:14:56","modified_gmt":"2026-03-05T12:14:56","slug":"assemblea-movimiento-sumar-pvalencia","status":"publish","type":"page","link":"https:\/\/movimientosumar.es\/ca\/assemblea-movimiento-sumar-pvalencia\/","title":{"rendered":"Assemblea Auton\u00f2mica Moviment Sumar Pa\u00eds Valenci\u00e0"},"content":{"rendered":"\n<p>Continua l&#8217;Assemblea General Constituent de Moviment Sumar Pa\u00eds Valenci\u00e0!<\/p>\n\n\n\n<p>Consulta tota la documentaci\u00f3 en aquesta p\u00e0gina.<\/p>\n\n\n\n<p><strong>Comptem amb tu!<\/strong><\/p>\n\n\n\n<div class=\"wp-block-buttons is-content-justification-center is-layout-flex wp-container-core-buttons-is-layout-a89b3969 wp-block-buttons-is-layout-flex\">\n<div class=\"wp-block-button\"><a class=\"wp-block-button__link wp-element-button\" href=\"https:\/\/movimientosumar.es\/ca\/wp-content\/uploads\/sites\/2\/2026\/01\/2026_VAL_V02_Reglamento_Asamblea_Autonomica_Constituyente_Pais_Valencia.pdf\">reglament<\/a><\/div>\n\n\n\n<div class=\"wp-block-button\"><a class=\"wp-block-button__link wp-element-button\" href=\"https:\/\/movimientosumar.es\/ca\/wp-content\/uploads\/sites\/2\/2026\/01\/2026-VAL-V02-Calendario-Asamblea-Autonomica-Constituyente-Pais-Valencia.pdf\">Calendari<\/a><\/div>\n<\/div>\n\n\n\n<div class=\"wp-block-buttons is-content-justification-center is-layout-flex wp-container-core-buttons-is-layout-a89b3969 wp-block-buttons-is-layout-flex\">\n<div class=\"wp-block-button\"><a class=\"wp-block-button__link has-text-align-center wp-element-button\" href=\"https:\/\/movimientosumar.es\/ca\/wp-content\/uploads\/sites\/2\/2026\/02\/02_2026_CONSOLIDADO_VAL_Document_Politic_Assemblea_Autonomica_Constituent.pdf\">DOCUMEN POL\u00cdTIC CONSOLIDAT<\/a><\/div>\n\n\n\n<div class=\"wp-block-button\"><a class=\"wp-block-button__link wp-element-button\" href=\"https:\/\/movimientosumar.es\/ca\/wp-content\/uploads\/sites\/2\/2026\/02\/02_2026_CONSOLIDADO_VAL_Document_Organitzatiu_Assemblea_Autonomica.pdf\">DOCUMENT ORGANITZATIU CONSOLIDAT<\/a><\/div>\n<\/div>\n\n\n\n<div class=\"wp-block-buttons is-content-justification-center is-layout-flex wp-container-core-buttons-is-layout-a89b3969 wp-block-buttons-is-layout-flex\">\n<div class=\"wp-block-button\"><a class=\"wp-block-button__link has-text-align-center wp-element-button\" href=\"https:\/\/movimientosumar.es\/wp-content\/uploads\/2026\/02\/Candidaturas-pais-valencia.pdf\">CANDIDATURES<\/a><\/div>\n<\/div>\n\n\n\n<div style=\"height:24px\" aria-hidden=\"true\" class=\"wp-block-spacer\"><\/div>\n\n\n\n<div style=\"height:244px\" aria-hidden=\"true\" class=\"wp-block-spacer\"><\/div>\n","protected":false},"excerpt":{"rendered":"<p>Continua l&#8217;Assemblea General Constituent de Moviment Sumar Pa\u00eds Valenci\u00e0! Consulta tota la documentaci\u00f3 en aquesta p\u00e0gina. Comptem amb tu!<\/p>\n","protected":false},"author":14,"featured_media":0,"parent":0,"menu_order":0,"comment_status":"closed","ping_status":"closed","template":"","meta":{"editor_notices":[],"footnotes":""},"class_list":["post-285","page","type-page","status-publish","hentry"],"_links":{"self":[{"href":"https:\/\/movimientosumar.es\/ca\/wp-json\/wp\/v2\/pages\/285","targetHints":{"allow":["GET"]}}],"collection":[{"href":"https:\/\/movimientosumar.es\/ca\/wp-json\/wp\/v2\/pages"}],"about":[{"href":"https:\/\/movimientosumar.es\/ca\/wp-json\/wp\/v2\/types\/page"}],"author":[{"embeddable":true,"href":"https:\/\/movimientosumar.es\/ca\/wp-json\/wp\/v2\/users\/14"}],"replies":[{"embeddable":true,"href":"https:\/\/movimientosumar.es\/ca\/wp-json\/wp\/v2\/comments?post=285"}],"version-history":[{"count":25,"href":"https:\/\/movimientosumar.es\/ca\/wp-json\/wp\/v2\/pages\/285\/revisions"}],"predecessor-version":[{"id":340,"href":"https:\/\/movimientosumar.es\/ca\/wp-json\/wp\/v2\/pages\/285\/revisions\/340"}],"wp:attachment":[{"href":"https:\/\/movimientosumar.es\/ca\/wp-json\/wp\/v2\/media?parent=285"}],"curies":[{"name":"wp","href":"https:\/\/api.w.org\/{rel}","templated":true}]}}