{"id":41,"date":"2023-03-17T18:12:40","date_gmt":"2023-03-17T17:12:40","guid":{"rendered":"https:\/\/movimientosumar.es\/?page_id=41"},"modified":"2024-11-12T18:26:08","modified_gmt":"2024-11-12T17:26:08","slug":"qui-som","status":"publish","type":"page","link":"https:\/\/movimientosumar.es\/ca\/qui-som\/","title":{"rendered":"Qui som"},"content":{"rendered":"\n<p class=\"has-text-align-center\">Sumar \u00e9s l&#8217;instrument per a <strong>confluir amb totes les que comparteixin l&#8217;horitz\u00f3 de pa\u00eds<\/strong>. Es tracta d&#8217;escoltar, dialogar i construir juntes un projecte ciutad\u00e0 per a la propera d\u00e8cada.<\/p>\n\n\n\n<div style=\"height:var(--wp--preset--spacing--100)\" aria-hidden=\"true\" class=\"wp-block-spacer editorskit-no-tablet editorskit-no-mobile\"><\/div>\n\n\n\n<div class=\"wp-block-media-text alignfull is-stacked-on-mobile is-vertically-aligned-center has-secondary-background-color has-background\"><figure class=\"wp-block-media-text__media\"><img loading=\"lazy\" decoding=\"async\" width=\"1512\" height=\"994\" src=\"https:\/\/movimientosumar.es\/wp-content\/uploads\/sites\/2\/2023\/06\/agenda-yolanda.jpg\" alt=\"\" class=\"wp-image-103 size-full\" srcset=\"https:\/\/movimientosumar.es\/ca\/wp-content\/uploads\/sites\/2\/2023\/06\/agenda-yolanda.jpg 1512w, https:\/\/movimientosumar.es\/ca\/wp-content\/uploads\/sites\/2\/2023\/06\/agenda-yolanda-768x505.jpg 768w\" sizes=\"auto, (max-width: 1512px) 100vw, 1512px\" \/><\/figure><div class=\"wp-block-media-text__content\">\n<div style=\"height:var(--wp--preset--spacing--40)\" aria-hidden=\"true\" class=\"wp-block-spacer\"><\/div>\n\n\n\n<h2 class=\"wp-block-heading has-x-large-font-size\" style=\"margin-top:0px;margin-right:0px;margin-bottom:0px;margin-left:0px;line-height:1\">Escolta, di\u00e0leg, il\u00b7lusi\u00f3, esperan\u00e7a, futur.<\/h2>\n\n\n\n<p class=\"has-text-align-left wp-block-heading has-text-color has-medium-font-size\" style=\"color:#000000;line-height:1.3\">Sumar vol organitzar l&#8217;esperan\u00e7a perqu\u00e8 el nou pa\u00eds s&#8217;obri cam\u00ed.<\/p>\n\n\n\n<p class=\"has-text-align-left wp-block-heading has-text-color has-medium-font-size\" style=\"color:#000000;margin-top:0px;margin-right:0px;margin-bottom:0px;margin-left:0px;line-height:1.3\">Podem ser un pa\u00eds amb feina digna i m\u00e9s igualtat, l\u00edder en una transici\u00f3 ecol\u00f2gica justa i a l&#8217;avantguarda feminista i del conjunt de drets i llibertats. <strong>Podem ser un pa\u00eds del qual estar orgullosos.<\/strong><\/p>\n\n\n\n<div style=\"height:var(--wp--preset--spacing--40)\" aria-hidden=\"true\" class=\"wp-block-spacer\"><\/div>\n<\/div><\/div>\n\n\n\n<div style=\"height:2rem\" aria-hidden=\"true\" class=\"wp-block-spacer\"><\/div>\n\n\n\n<h2 class=\"wp-block-heading has-text-align-left has-large-font-size\">Un nou projecte ciutad\u00e0<\/h2>\n\n\n\n<p class=\"has-text-align-left\">Vivim temps decisius. Despr\u00e9s de l&#8217;experi\u00e8ncia de la pand\u00e8mia, entre el dolor i moments d&#8217;extraordin\u00e0ria humanitat, ens vam adonar que havia arribat el moment de canviar <strong>coses importants de les nostres vides i les nostres societats<\/strong>. Quan semblava que comen\u00e7\u00e0vem a veure la llum al final del t\u00fanel ens hem trobat amb una guerra a Europa i les seves conseq\u00fc\u00e8ncies econ\u00f2miques. Ha tornat a Europa una inflaci\u00f3 desconeguda en les darreres \u00e8poques i, mentre que la incertesa creix,<strong> tornen tamb\u00e9 els discursos d&#8217;odi i la por al diferent<\/strong>.<\/p>\n\n\n\n<p class=\"has-text-align-left\">Les nostres societats democr\u00e0tiques arrosseguen massa ferides i els partits pol\u00edtics no semblen capa\u00e7os d&#8217;oferir solucions profundes, ni sobretot un horitz\u00f3 de futur.<\/p>\n\n\n\n<p class=\"has-text-align-left\">Per\u00f2 la ciutadania que sap que la pol\u00edtica \u00e9s l&#8217;\u00fanica eina de la gent comuna per a transformar la realitat ens est\u00e0 esperant. Sumar vol ser una<strong> eina al servei del pa\u00eds i que eixampli la democr\u00e0cia<\/strong>.<\/p>\n\n\n\n<div style=\"height:2rem\" aria-hidden=\"true\" class=\"wp-block-spacer\"><\/div>\n\n\n\n<figure class=\"wp-block-image size-large\"><img loading=\"lazy\" decoding=\"async\" width=\"1920\" height=\"993\" src=\"https:\/\/movimientosumar.es\/wp-content\/uploads\/2023\/06\/Sumate-y-dona-Yolanda-1-1920x993.jpg\" alt=\"\" class=\"wp-image-119\" srcset=\"https:\/\/movimientosumar.es\/ca\/wp-content\/uploads\/sites\/2\/2023\/06\/Sumate-y-dona-Yolanda-1-1920x993.jpg 1920w, https:\/\/movimientosumar.es\/ca\/wp-content\/uploads\/sites\/2\/2023\/06\/Sumate-y-dona-Yolanda-1-768x397.jpg 768w, https:\/\/movimientosumar.es\/ca\/wp-content\/uploads\/sites\/2\/2023\/06\/Sumate-y-dona-Yolanda-1-1536x794.jpg 1536w, https:\/\/movimientosumar.es\/ca\/wp-content\/uploads\/sites\/2\/2023\/06\/Sumate-y-dona-Yolanda-1.jpg 1934w\" sizes=\"auto, (max-width: 1920px) 100vw, 1920px\" \/><\/figure>\n\n\n\n<div style=\"height:2rem\" aria-hidden=\"true\" class=\"wp-block-spacer\"><\/div>\n\n\n\n<div class=\"wp-block-media-text alignfull is-stacked-on-mobile is-vertically-aligned-center\"><figure class=\"wp-block-media-text__media\"><img loading=\"lazy\" decoding=\"async\" width=\"1368\" height=\"1080\" src=\"https:\/\/movimientosumar.es\/wp-content\/uploads\/sites\/2\/2023\/06\/sumate-y-dona-yolanda-1368x1080.jpg\" alt=\"\" class=\"wp-image-106 size-full\" srcset=\"https:\/\/movimientosumar.es\/ca\/wp-content\/uploads\/sites\/2\/2023\/06\/sumate-y-dona-yolanda-1368x1080.jpg 1368w, https:\/\/movimientosumar.es\/ca\/wp-content\/uploads\/sites\/2\/2023\/06\/sumate-y-dona-yolanda-768x606.jpg 768w, https:\/\/movimientosumar.es\/ca\/wp-content\/uploads\/sites\/2\/2023\/06\/sumate-y-dona-yolanda.jpg 1512w\" sizes=\"auto, (max-width: 1368px) 100vw, 1368px\" \/><\/figure><div class=\"wp-block-media-text__content\">\n<div style=\"height:2rem\" aria-hidden=\"true\" class=\"wp-block-spacer\"><\/div>\n\n\n\n<h2 class=\"wp-block-heading has-x-large-font-size\" style=\"margin-top:0px;margin-right:0px;margin-bottom:0px;margin-left:0px;line-height:1\">Fes una donaci\u00f3 perqu\u00e8 Sumar estigui present a tots els racons del pa\u00eds!<\/h2>\n\n\n\n<div style=\"height:2rem\" aria-hidden=\"true\" class=\"wp-block-spacer\"><\/div>\n\n\n\n<div class=\"wp-block-buttons is-layout-flex wp-block-buttons-is-layout-flex\">\n<div class=\"wp-block-button\"><a class=\"wp-block-button__link wp-element-button\" href=\"https:\/\/cause.lundadonate.org\/movimientosumar\/contribuyeparadesarrollarelproyectodesumar\" target=\"_blank\" rel=\"noreferrer noopener\">Vull fer una donaci\u00f3<\/a><\/div>\n<\/div>\n\n\n\n<div style=\"height:2rem\" aria-hidden=\"true\" class=\"wp-block-spacer\"><\/div>\n<\/div><\/div>\n","protected":false},"excerpt":{"rendered":"<p>Sumar \u00e9s l&#8217;instrument per a confluir amb totes les que comparteixin l&#8217;horitz\u00f3 de pa\u00eds. Es tracta d&#8217;escoltar, dialogar i construir juntes un projecte ciutad\u00e0 per a la propera d\u00e8cada. Un nou projecte ciutad\u00e0 Vivim temps decisius. Despr\u00e9s de l&#8217;experi\u00e8ncia de la pand\u00e8mia, entre el dolor i moments d&#8217;extraordin\u00e0ria humanitat, ens vam adonar que havia arribat [&hellip;]<\/p>\n","protected":false},"author":4,"featured_media":0,"parent":0,"menu_order":10,"comment_status":"closed","ping_status":"closed","template":"","meta":{"editor_notices":[],"footnotes":""},"class_list":["post-41","page","type-page","status-publish","hentry"],"_links":{"self":[{"href":"https:\/\/movimientosumar.es\/ca\/wp-json\/wp\/v2\/pages\/41","targetHints":{"allow":["GET"]}}],"collection":[{"href":"https:\/\/movimientosumar.es\/ca\/wp-json\/wp\/v2\/pages"}],"about":[{"href":"https:\/\/movimientosumar.es\/ca\/wp-json\/wp\/v2\/types\/page"}],"author":[{"embeddable":true,"href":"https:\/\/movimientosumar.es\/ca\/wp-json\/wp\/v2\/users\/4"}],"replies":[{"embeddable":true,"href":"https:\/\/movimientosumar.es\/ca\/wp-json\/wp\/v2\/comments?post=41"}],"version-history":[{"count":1,"href":"https:\/\/movimientosumar.es\/ca\/wp-json\/wp\/v2\/pages\/41\/revisions"}],"predecessor-version":[{"id":319,"href":"https:\/\/movimientosumar.es\/ca\/wp-json\/wp\/v2\/pages\/41\/revisions\/319"}],"wp:attachment":[{"href":"https:\/\/movimientosumar.es\/ca\/wp-json\/wp\/v2\/media?parent=41"}],"curies":[{"name":"wp","href":"https:\/\/api.w.org\/{rel}","templated":true}]}}