{"id":3,"date":"2023-03-16T15:21:16","date_gmt":"2023-03-16T14:21:16","guid":{"rendered":"https:\/\/movimientosumar.es\/?page_id=3"},"modified":"2023-11-08T13:43:23","modified_gmt":"2023-11-08T12:43:23","slug":"pribatutasun-politika","status":"publish","type":"page","link":"https:\/\/movimientosumar.es\/eu\/pribatutasun-politika\/","title":{"rendered":"Pribatutasun-politika"},"content":{"rendered":"\n<p>En la presente pol\u00edtica de privacidad y protecci\u00f3n de datos se detalla el tratamiento de los datos de car\u00e1cter personal recabados por MOVIMIENTO SUMAR, que actuar\u00e1 en todo momento de acuerdo a lo establecido en la legislaci\u00f3n vigente y, en concreto, de conformidad con las disposiciones contenidas en el Reglamento (UE) 2016\/679 del Parlamento Europeo y del Consejo del 27 de abril de 2016 relativo a la protecci\u00f3n de las personas f\u00edsicas con respecto del tratamiento de datos personales y a la libre circulaci\u00f3n de esos datos (RGPD), en la Ley Org\u00e1nica 3\/2018, de 5 de diciembre, de Protecci\u00f3n de Datos Personales y garant\u00eda de los derechos digitales (LOPD) y en Ley 34\/2002, de 11 de julio, de servicios de la sociedad de la informaci\u00f3n y de comercio electr\u00f3nico (LSSI).<\/p>\n\n\n\n<p><strong>1. \u00bfQui\u00e9n es el responsable del tratamiento de tus datos?<\/strong><\/p>\n\n\n\n<ul class=\"wp-block-list\">\n<li>El titular y responsable del tratamiento es MOVIMIENTO SUMAR<\/li>\n\n\n\n<li>G-13855663<\/li>\n\n\n\n<li>Correo de protecci\u00f3n de datos y DPD: <a href=\"mailto:protecciondedatos@movimientosumar.es\">protecciondedatos@movimientosumar.es<\/a><\/li>\n<\/ul>\n\n\n\n<p><strong>2. \u00bfC\u00f3mo recabamos tus datos personales?<\/strong><\/p>\n\n\n\n<p>Recabamos los datos personales que nos facilitas a trav\u00e9s de nuestra web, mediante formularios y herramientas de suscripci\u00f3n con campos a completar, a trav\u00e9s de correo electr\u00f3nico y otras aplicaciones de mensajer\u00eda. En el momento de recogida se te informar\u00e1 de nuestra Pol\u00edtica de protecci\u00f3n de datos. Recomendamos expresamente la lectura de estas cl\u00e1usulas informativas antes de proceder al env\u00edo de los datos personales<\/p>\n\n\n\n<p>Asimismo, recabamos y almacenamos informaci\u00f3n personal limitada y estad\u00edsticas globales an\u00f3nimas de todos aquellos usuarios que visitan nuestra web. Esta informaci\u00f3n se recaba a trav\u00e9s de cookies, para m\u00e1s informaci\u00f3n consulta las Normas de uso de la web y la Pol\u00edtica de cookies.<\/p>\n\n\n\n<p><strong>3. \u00bfCon qu\u00e9 finalidad tratamos tus datos personales?<\/strong><\/p>\n\n\n\n<p>En MOVIMIENTO SUMAR tratamos la informaci\u00f3n que nos facilitas con las siguientes finalidades:<\/p>\n\n\n\n<ul class=\"wp-block-list\">\n<li>Gestionar la participaci\u00f3n de aquellas personas que est\u00e9n interesadas en colaborar con MOVIMIENTO SUMAR, asistir a los eventos que organice y\/o participar como persona voluntaria o activista en las campa\u00f1as electorales, presentes y futuras, del partido o de las coaliciones en las que participe.<\/li>\n\n\n\n<li>Enviar a trav\u00e9s de cualquier canal (correo postal o electr\u00f3nico, tel\u00e9fono fijo o m\u00f3vil, SMS, app de mensajer\u00eda tipo WhatsApp etc.) informaci\u00f3n sobre las actividades, campa\u00f1as e iniciativas de MOVIMIENTO SUMAR o de las coaliciones en las que participe, incluyendo la informaci\u00f3n destinada a la captaci\u00f3n de fondos.<\/li>\n\n\n\n<li>Gestionar la incorporaci\u00f3n a los canales de informaci\u00f3n o listas de distribuci\u00f3n para las finalidades descrita en el punto anterior.<\/li>\n\n\n\n<li>Enviar encuestas y realizar estudios estad\u00edsticos.<\/li>\n\n\n\n<li>Atender las consultas que se nos hagan llegar.<\/li>\n<\/ul>\n\n\n\n<p>Con tu inscripci\u00f3n aceptas el tratamiento de tus datos personales por parte de MOVIMIENTO SUMAR, y de sus encargados de tratamiento, para los fines indicados.<\/p>\n\n\n\n<p><strong>4. \u00bfCon qu\u00e9 legitimaci\u00f3n vamos a tratar tus datos?<\/strong><\/p>\n\n\n\n<p>La base legal para el tratamiento es el consentimiento del interesado para los fines indicados, el inter\u00e9s leg\u00edtimo perseguido por MOVIMIENTO SUMAR y el cumplimiento de las obligaciones legales aplicables al responsable del tratamiento, todo ello de conformidad con lo regulado en el Art. 6 RGPD.<\/p>\n\n\n\n<p>Los datos personales proporcionados se conservar\u00e1n durante el tiempo necesario para cumplir con las finalidades para la que se recaban y para dar cumplimiento a las obligaciones legales; todo ello mientras no se solicite la baja por parte del interesado o se revoque el consentimiento.<\/p>\n\n\n\n<p><strong>5. \u00bfA qui\u00e9n comunicamos tus datos?<\/strong><\/p>\n\n\n\n<p>Los datos personales que facilites a MOVIMIENTO SUMAR no ser\u00e1n cedidos o comunicados a terceros, salvo obligaci\u00f3n legal y en los siguientes casos:<\/p>\n\n\n\n<ul class=\"wp-block-list\">\n<li>Requerimiento de las autoridades competentes.<\/li>\n\n\n\n<li>A las empresas que sean contratadas por el partido, con el fin de gestionar debidamente el servicio prestado, siempre respetando las finalidades del tratamiento detalladas en las presentes cl\u00e1usulas y suscribiendo los correspondientes contratos de encargo de tratamiento de datos.<\/li>\n<\/ul>\n\n\n\n<p>No se producir\u00e1n transferencias a terceros pa\u00edses u organizaciones internacionales que no ofrezcan garant\u00edas adecuadas.<\/p>\n\n\n\n<p><strong>6. \u00bfCu\u00e1les son tus derechos?<\/strong><\/p>\n\n\n\n<p>Mediante solicitud escrita y firmada, acompa\u00f1ada de copia de Documento oficial de Identidad, con direcci\u00f3n de contacto para su respuesta y dirigida a MOVIMIENTO SUMAR, al correo electr\u00f3nico <a href=\"mailto:protecciondedatos@movimientosumar.es\">protecciondedatos@movimientosumar.es<\/a>, puedes:<\/p>\n\n\n\n<ul class=\"wp-block-list\">\n<li>Ejercer los derechos de acceso, rectificaci\u00f3n, supresi\u00f3n y portabilidad sobre tus datos personales, de limitaci\u00f3n y oposici\u00f3n a su tratamiento.<\/li>\n\n\n\n<li>Retirar en cualquier momento el consentimiento prestado para el tratamiento o comunicaci\u00f3n de tus datos.<\/li>\n<\/ul>\n\n\n\n<p>Responderemos a tus peticiones a la mayor brevedad posible y, en todo caso, en el plazo de un mes desde la recepci\u00f3n de su solicitud.&nbsp;<\/p>\n\n\n\n<p>Asimismo, tienes derecho a interponer una reclamaci\u00f3n ante la Agencia Espa\u00f1ola de Protecci\u00f3n de Datos (AEPD), mediante escrito dirigido a C\/ Jorge Juan, 6. 28001-Madrid o a trav\u00e9s de su web https:\/\/www.aepd.es\/es.<\/p>\n\n\n\n<p>&nbsp;<strong>7. Exactitud&nbsp; y veracidad de los datos.<\/strong><\/p>\n\n\n\n<p>La persona y usuario de la p\u00e1gina web que facilita voluntariamente sus datos personales a MOVIMIENTO SUMAR garantiza que los datos personales facilitados son veraces y correctos, reserv\u00e1ndose MOVIMIENTO SUMAR el derecho a excluir de los servicios del sitio web y de los canales de comunicaci\u00f3n a toda persona y usuario que haya facilitado datos falsos, sin perjuicio de las dem\u00e1s acciones que procedan en Derecho.<\/p>\n\n\n\n<p><strong>8. Medidas de seguridad<\/strong><\/p>\n\n\n\n<p>MOVIMIENTO SUMAR ha adoptado e implementado las oportunas medidas t\u00e9cnicas y organizativas, a fin de garantizar la seguridad, confidencialidad, disponibilidad e integridad de los datos personales objeto de tratamiento.<\/p>\n\n\n\n<p>A pesar de ello, siempre que se proporciona informaci\u00f3n personal en la red, existe el riesgo de que terceras personas, cuyo control queda fuera de nuestro alcance, puedan interceptar esta informaci\u00f3n y utilizarla.<\/p>\n\n\n\n<p><strong>9. Actualizaci\u00f3n.<\/strong><\/p>\n\n\n\n<p>La presente pol\u00edtica de privacidad ha sido actualizada en junio de 2023.<\/p>\n\n\n\n<p>MOVIMIENTO SUMAR ser reserva el derecho de modificar su pol\u00edtica de privacidad en el supuesto de que exista un cambio de la legislaci\u00f3n vigente, doctrina jurisprudencial o de la Agencia Espa\u00f1ola de Protecci\u00f3n de Datos o por criterios propios del partido. Si se introdujese alg\u00fan cambio en esta pol\u00edtica, el nuevo texto se publicar\u00e1 en esta misma direcci\u00f3n.<\/p>\n","protected":false},"excerpt":{"rendered":"<p>En la presente pol\u00edtica de privacidad y protecci\u00f3n de datos se detalla el tratamiento de los datos de car\u00e1cter personal recabados por MOVIMIENTO SUMAR, que actuar\u00e1 en todo momento de acuerdo a lo establecido en la legislaci\u00f3n vigente y, en concreto, de conformidad con las disposiciones contenidas en el Reglamento (UE) 2016\/679 del Parlamento Europeo [&hellip;]<\/p>\n","protected":false},"author":4,"featured_media":0,"parent":0,"menu_order":50,"comment_status":"closed","ping_status":"closed","template":"","meta":{"editor_notices":[],"footnotes":""},"class_list":["post-3","page","type-page","status-publish","hentry"],"_links":{"self":[{"href":"https:\/\/movimientosumar.es\/eu\/wp-json\/wp\/v2\/pages\/3","targetHints":{"allow":["GET"]}}],"collection":[{"href":"https:\/\/movimientosumar.es\/eu\/wp-json\/wp\/v2\/pages"}],"about":[{"href":"https:\/\/movimientosumar.es\/eu\/wp-json\/wp\/v2\/types\/page"}],"author":[{"embeddable":true,"href":"https:\/\/movimientosumar.es\/eu\/wp-json\/wp\/v2\/users\/4"}],"replies":[{"embeddable":true,"href":"https:\/\/movimientosumar.es\/eu\/wp-json\/wp\/v2\/comments?post=3"}],"version-history":[{"count":0,"href":"https:\/\/movimientosumar.es\/eu\/wp-json\/wp\/v2\/pages\/3\/revisions"}],"wp:attachment":[{"href":"https:\/\/movimientosumar.es\/eu\/wp-json\/wp\/v2\/media?parent=3"}],"curies":[{"name":"wp","href":"https:\/\/api.w.org\/{rel}","templated":true}]}}