{"id":131,"date":"2023-06-08T12:54:07","date_gmt":"2023-06-08T10:54:07","guid":{"rendered":"https:\/\/movimientosumar.es\/?page_id=131"},"modified":"2024-02-28T02:17:41","modified_gmt":"2024-02-28T01:17:41","slug":"grazas-por-subscribirche","status":"publish","type":"page","link":"https:\/\/movimientosumar.es\/ga\/grazas-por-subscribirche\/","title":{"rendered":"Grazas por subscribirche"},"content":{"rendered":"\n<div class=\"wp-block-media-text alignfull is-stacked-on-mobile is-vertically-aligned-center h-screen\"><figure class=\"wp-block-media-text__media\"><img loading=\"lazy\" decoding=\"async\" width=\"1368\" height=\"1080\" src=\"https:\/\/movimientosumar.es\/ga\/wp-content\/uploads\/sites\/4\/2023\/07\/sumate-y-dona-yolanda-1368x1080.jpg\" alt=\"\" class=\"wp-image-202 size-full\" srcset=\"https:\/\/movimientosumar.es\/ga\/wp-content\/uploads\/sites\/4\/2023\/07\/sumate-y-dona-yolanda-1368x1080.jpg 1368w, https:\/\/movimientosumar.es\/ga\/wp-content\/uploads\/sites\/4\/2023\/07\/sumate-y-dona-yolanda-768x606.jpg 768w, https:\/\/movimientosumar.es\/ga\/wp-content\/uploads\/sites\/4\/2023\/07\/sumate-y-dona-yolanda.jpg 1512w\" sizes=\"auto, (max-width: 1368px) 100vw, 1368px\" \/><\/figure><div class=\"wp-block-media-text__content\">\n<h2 class=\"wp-block-heading has-x-large-font-size\" style=\"margin-top:0px;margin-right:0px;margin-bottom:0px;margin-left:0px;line-height:1\">Moitas grazas!<\/h2>\n\n\n\n<p>_<\/p>\n\n\n\n<p><strong>Confirm\u00e1mosche que te inscribiches correctamente e seguir\u00e1s recibindo toda a informaci\u00f3n de SUMAR.<\/strong><\/p>\n<\/div><\/div>\n","protected":false},"excerpt":{"rendered":"<p>Moitas grazas! _ Confirm\u00e1mosche que te inscribiches correctamente e seguir\u00e1s recibindo toda a informaci\u00f3n de SUMAR.<\/p>\n","protected":false},"author":4,"featured_media":0,"parent":0,"menu_order":100,"comment_status":"closed","ping_status":"closed","template":"page-without-title","meta":{"editor_notices":[],"footnotes":""},"class_list":["post-131","page","type-page","status-publish","hentry"],"_links":{"self":[{"href":"https:\/\/movimientosumar.es\/ga\/wp-json\/wp\/v2\/pages\/131","targetHints":{"allow":["GET"]}}],"collection":[{"href":"https:\/\/movimientosumar.es\/ga\/wp-json\/wp\/v2\/pages"}],"about":[{"href":"https:\/\/movimientosumar.es\/ga\/wp-json\/wp\/v2\/types\/page"}],"author":[{"embeddable":true,"href":"https:\/\/movimientosumar.es\/ga\/wp-json\/wp\/v2\/users\/4"}],"replies":[{"embeddable":true,"href":"https:\/\/movimientosumar.es\/ga\/wp-json\/wp\/v2\/comments?post=131"}],"version-history":[{"count":1,"href":"https:\/\/movimientosumar.es\/ga\/wp-json\/wp\/v2\/pages\/131\/revisions"}],"predecessor-version":[{"id":256,"href":"https:\/\/movimientosumar.es\/ga\/wp-json\/wp\/v2\/pages\/131\/revisions\/256"}],"wp:attachment":[{"href":"https:\/\/movimientosumar.es\/ga\/wp-json\/wp\/v2\/media?parent=131"}],"curies":[{"name":"wp","href":"https:\/\/api.w.org\/{rel}","templated":true}]}}